{"id":75,"date":"2023-07-22T03:40:40","date_gmt":"2023-07-22T03:40:40","guid":{"rendered":"https:\/\/www.metalmusick.com\/?page_id=75"},"modified":"2023-07-23T22:59:06","modified_gmt":"2023-07-23T22:59:06","slug":"politicas","status":"publish","type":"page","link":"https:\/\/www.metalmusick.com\/?page_id=75","title":{"rendered":"Politicas"},"content":{"rendered":"\t\t<div data-elementor-type=\"wp-page\" data-elementor-id=\"75\" class=\"elementor elementor-75\">\n\t\t\t\t\t\t\t\t\t<section class=\"elementor-section elementor-top-section elementor-element elementor-element-2a7e0f1 elementor-section-boxed elementor-section-height-default elementor-section-height-default\" data-id=\"2a7e0f1\" data-element_type=\"section\">\n\t\t\t\t\t\t<div class=\"elementor-container elementor-column-gap-default\">\n\t\t\t\t\t<div class=\"elementor-column elementor-col-100 elementor-top-column elementor-element elementor-element-f5734f9\" data-id=\"f5734f9\" data-element_type=\"column\">\n\t\t\t<div class=\"elementor-widget-wrap elementor-element-populated\">\n\t\t\t\t\t\t\t\t<div class=\"elementor-element elementor-element-ecca4f6 e-transform e-transform elementor-invisible elementor-widget elementor-widget-heading\" data-id=\"ecca4f6\" data-element_type=\"widget\" data-settings=\"{&quot;_animation&quot;:&quot;fadeIn&quot;,&quot;_transform_translateX_effect&quot;:{&quot;unit&quot;:&quot;px&quot;,&quot;size&quot;:&quot;&quot;,&quot;sizes&quot;:[]},&quot;_transform_translateX_effect_tablet&quot;:{&quot;unit&quot;:&quot;px&quot;,&quot;size&quot;:&quot;&quot;,&quot;sizes&quot;:[]},&quot;_transform_translateX_effect_mobile&quot;:{&quot;unit&quot;:&quot;px&quot;,&quot;size&quot;:&quot;&quot;,&quot;sizes&quot;:[]},&quot;_transform_translateY_effect&quot;:{&quot;unit&quot;:&quot;px&quot;,&quot;size&quot;:&quot;&quot;,&quot;sizes&quot;:[]},&quot;_transform_translateY_effect_tablet&quot;:{&quot;unit&quot;:&quot;px&quot;,&quot;size&quot;:&quot;&quot;,&quot;sizes&quot;:[]},&quot;_transform_translateY_effect_mobile&quot;:{&quot;unit&quot;:&quot;px&quot;,&quot;size&quot;:&quot;&quot;,&quot;sizes&quot;:[]},&quot;_transform_scale_effect&quot;:{&quot;unit&quot;:&quot;px&quot;,&quot;size&quot;:&quot;&quot;,&quot;sizes&quot;:[]},&quot;_transform_scale_effect_tablet&quot;:{&quot;unit&quot;:&quot;px&quot;,&quot;size&quot;:&quot;&quot;,&quot;sizes&quot;:[]},&quot;_transform_scale_effect_mobile&quot;:{&quot;unit&quot;:&quot;px&quot;,&quot;size&quot;:&quot;&quot;,&quot;sizes&quot;:[]}}\" data-widget_type=\"heading.default\">\n\t\t\t\t<div class=\"elementor-widget-container\">\n\t\t\t<style>\/*! elementor - v3.17.0 - 25-10-2023 *\/\n.elementor-heading-title{padding:0;margin:0;line-height:1}.elementor-widget-heading .elementor-heading-title[class*=elementor-size-]>a{color:inherit;font-size:inherit;line-height:inherit}.elementor-widget-heading .elementor-heading-title.elementor-size-small{font-size:15px}.elementor-widget-heading .elementor-heading-title.elementor-size-medium{font-size:19px}.elementor-widget-heading .elementor-heading-title.elementor-size-large{font-size:29px}.elementor-widget-heading .elementor-heading-title.elementor-size-xl{font-size:39px}.elementor-widget-heading .elementor-heading-title.elementor-size-xxl{font-size:59px}<\/style><h2 class=\"elementor-heading-title elementor-size-default\">Pol\u00edticas de T\u00e9rminos y Condiciones<\/h2>\t\t<\/div>\n\t\t\t\t<\/div>\n\t\t\t\t\t<\/div>\n\t\t<\/div>\n\t\t\t\t\t\t\t<\/div>\n\t\t<\/section>\n\t\t\t\t<section class=\"elementor-section elementor-top-section elementor-element elementor-element-c76e6be elementor-section-boxed elementor-section-height-default elementor-section-height-default\" data-id=\"c76e6be\" data-element_type=\"section\">\n\t\t\t\t\t\t<div class=\"elementor-container elementor-column-gap-narrow\">\n\t\t\t\t\t<div class=\"elementor-column elementor-col-100 elementor-top-column elementor-element elementor-element-d1affc2\" data-id=\"d1affc2\" data-element_type=\"column\">\n\t\t\t<div class=\"elementor-widget-wrap elementor-element-populated\">\n\t\t\t\t\t\t\t\t<div class=\"elementor-element elementor-element-0d099a3 elementor-widget__width-initial animated-slow elementor-invisible elementor-widget elementor-widget-text-editor\" data-id=\"0d099a3\" data-element_type=\"widget\" data-settings=\"{&quot;_animation&quot;:&quot;fadeIn&quot;}\" data-widget_type=\"text-editor.default\">\n\t\t\t\t<div class=\"elementor-widget-container\">\n\t\t\t<style>\/*! elementor - v3.17.0 - 25-10-2023 *\/\n.elementor-widget-text-editor.elementor-drop-cap-view-stacked .elementor-drop-cap{background-color:#69727d;color:#fff}.elementor-widget-text-editor.elementor-drop-cap-view-framed .elementor-drop-cap{color:#69727d;border:3px solid;background-color:transparent}.elementor-widget-text-editor:not(.elementor-drop-cap-view-default) .elementor-drop-cap{margin-top:8px}.elementor-widget-text-editor:not(.elementor-drop-cap-view-default) .elementor-drop-cap-letter{width:1em;height:1em}.elementor-widget-text-editor .elementor-drop-cap{float:left;text-align:center;line-height:1;font-size:50px}.elementor-widget-text-editor .elementor-drop-cap-letter{display:inline-block}<\/style>\t\t\t\t<p class=\"MsoNormal\" align=\"center\" style=\"font-size: 16px; font-style: normal; font-weight: 400; margin: 0cm 0cm 0cm 18pt; text-align: center;\"><span style=\"font-weight: 700;\">(VENTAS)<\/span><\/p><p class=\"MsoNormal\" style=\"font-size: 16px; font-style: normal; font-weight: 400; margin: 0cm 0cm 0cm 18pt;\"><span lang=\"ES\">Compramos y vendemos, somos libres de comprar y vender cualquier producto que deseemos y al precio que decidamos, no somos responsables de su fabricaci\u00f3n o duplicaci\u00f3n. Si a nuestras manos llega un disco que sepamos o tengamos la duda de su originalidad le informaremos ya que nos especializamos en vender productos 100% originales.<\/span><\/p><p class=\"MsoNormal\" style=\"font-size: 16px; font-style: normal; font-weight: 400; margin: 0cm 0cm 0cm 18pt;\"><span lang=\"ES\">&nbsp;<\/span><\/p><p class=\"MsoNormal\" align=\"center\" style=\"font-size: 16px; font-style: normal; font-weight: 400; margin: 0cm 0cm 0cm 18pt; text-align: center;\"><span style=\"font-weight: 700;\">(GARANTIA)<\/span><\/p><p class=\"MsoNormal\" style=\"font-size: 16px; font-style: normal; font-weight: 400; margin: 0cm 0cm 0cm 18pt;\"><span lang=\"ES\">Todos nuestros productos est\u00e1n garantizados: Para poder aplicar la garant\u00eda el cliente\/comprador tiene un m\u00e1ximo de 5 d\u00edas desde el momento que recibe el producto para informar sobre alg\u00fan defecto o inconformidad, si pasado este periodo el cliente no lo manifiesta por cualquier motivo (Se fue de viaje, Se le olvido, No destapo el paquete en su momento, No ten\u00eda comunicaci\u00f3n, etc.) la garant\u00eda ser\u00e1 anulada, para evitar eso informamos en todos nuestros productos que: \u201cAntes de comprar leer la secci\u00f3n de Pol\u00edticas\u201d<\/span><\/p><p class=\"MsoNormal\" style=\"font-size: 16px; font-style: normal; font-weight: 400; margin: 0cm 0cm 0cm 18pt;\"><span lang=\"ES\">&nbsp;<\/span><\/p><p class=\"MsoNormal\" align=\"center\" style=\"font-size: 16px; font-style: normal; font-weight: 400; margin: 0cm 0cm 0cm 18pt; text-align: center;\"><span style=\"font-weight: 700;\">(REEMBOLSOS)<\/span><\/p><p class=\"MsoNormal\" style=\"font-size: 16px; font-style: normal; font-weight: 400; margin: 0cm 0cm 0cm 18pt;\"><span lang=\"ES\">No hacemos reembolsos: En nuestra pagina web encontraras detalladamente la informaci\u00f3n e im\u00e1genes reales de cada producto incluso con la opci\u00f3n de hacer ultra zoom, por lo tanto, el Reembolso no aplica, estamos abiertos hacer cambios por otro producto y solucionar ante cualquier inconformidad ya que la idea es que el cliente\/comprador quede 101% satisfecho.<\/span><\/p><p class=\"MsoNormal\" style=\"font-size: 16px; font-style: normal; font-weight: 400; margin: 0cm 0cm 0cm 18pt;\"><span lang=\"ES\">&nbsp;<\/span><\/p><p class=\"MsoNormal\" align=\"center\" style=\"font-size: 16px; font-style: normal; font-weight: 400; margin: 0cm 0cm 0cm 18pt; text-align: center;\"><span style=\"font-weight: 700;\">(ENVIOS)<\/span><\/p><p class=\"MsoNormal\" style=\"font-size: 16px; font-style: normal; font-weight: 400; margin: 0cm 0cm 0cm 18pt;\"><span lang=\"ES\">Actualmente tenemos convenio con la transportadora Coordinadora Mercantil S.A. por la cual hacemos el 99.9% de nuestros env\u00edos a nivel nacional, tambi\u00e9n podemos enviar por la transportadora de su preferencia (Envia, Interrapidisimo, Servientrega, Deprisa, Picap, Etc.) siempre y cuando el cliente\/comprador asuma el riesgo de extravi\u00f3, da\u00f1o o demora del mismo ya que nosotros solo asumimos estos por la empresa la cual tenemos convenio (Coordinadora), siempre que el cliente\/comprador decida enviar por otra empresa informaremos que lea esta secci\u00f3n para estar claros.<\/span><\/p><p class=\"MsoNormal\" style=\"font-size: 16px; font-style: normal; font-weight: 400; margin: 0cm 0cm 0cm 18pt;\"><span lang=\"ES\"><br>Enviamos de Lunes a Viernes todas las compras confirmadas antes de las 3:00 pm del &nbsp;&nbsp;&nbsp;d\u00eda en curso, compras confirmadas despu\u00e9s de esta hora quedan para el siguiente d\u00eda.<\/span><\/p><p style=\"font-size: 16px; font-style: normal; font-weight: 400;\"><\/p><p class=\"MsoNormal\" style=\"font-size: 16px; font-style: normal; font-weight: 400; margin: 0cm 0cm 0cm 18pt;\"><span lang=\"ES\">Enviamos desde Bogot\u00e1, los env\u00edos dentro de la ciudad o toda la zona Cundinamarca se demoran de un d\u00eda para otro en llegar mientras que para fuera de esta \u00e1rea se demorar tres d\u00edas h\u00e1biles desde que se env\u00eda, esto aplica solo con nuestro aliado comercial (Coordinadora) con el resto de transportadoras queda bajo su conocimiento. DEMORA: por cualquier situaci\u00f3n anormal la demora m\u00e1xima \u201cNormal\u201d de nuestro aliado comercial es de un d\u00eda adicional al indicado inicialmente.<\/span><\/p><p class=\"MsoNormal\" style=\"font-size: 16px; font-style: normal; font-weight: 400; margin: 0cm 0cm 0cm 18pt;\"><span lang=\"ES\">&nbsp;<\/span><\/p><p class=\"MsoNormal\" align=\"center\" style=\"font-size: 16px; font-style: normal; font-weight: 400; margin: 0cm 0cm 0cm 18pt; text-align: center;\"><span style=\"font-weight: 700;\">(EMPACADO)<\/span><\/p><p class=\"MsoNormal\" style=\"font-size: 16px; font-style: normal; font-weight: 400; margin: 0cm 0cm 0cm 18pt;\"><span lang=\"ES\">Todos nuestros productos van empacado en cajas hechas especialmente para cada producto, CDS, VINILOS, CASSETTES por lo tanto se garantiza que el producto manipulado de una forma normal y cuidadosa llegue en perfecto estado a su destino. No cobramos por el uso de empaque especializado, cintas, envoltorio o dem\u00e1s esto va incluido en el precio de cada compra.<\/span><\/p>\t\t\t\t\t\t<\/div>\n\t\t\t\t<\/div>\n\t\t\t\t\t<\/div>\n\t\t<\/div>\n\t\t\t\t\t\t\t<\/div>\n\t\t<\/section>\n\t\t\t\t\t\t\t<\/div>\n\t\t","protected":false},"excerpt":{"rendered":"<p>Pol\u00edticas de T\u00e9rminos y Condiciones (VENTAS) Compramos y vendemos, somos libres de comprar y vender cualquier producto que deseemos y al precio que decidamos, no somos responsables de su fabricaci\u00f3n o duplicaci\u00f3n. Si a nuestras manos llega un disco que sepamos o tengamos la duda de su originalidad le informaremos ya que nos especializamos en &hellip;<\/p>\n<p class=\"read-more\"> <a class=\"\" href=\"https:\/\/www.metalmusick.com\/?page_id=75\"> <span class=\"screen-reader-text\">Politicas<\/span> Leer m\u00e1s &raquo;<\/a><\/p>\n","protected":false},"author":1,"featured_media":0,"parent":0,"menu_order":0,"comment_status":"closed","ping_status":"closed","template":"","meta":{"site-sidebar-layout":"no-sidebar","site-content-layout":"page-builder","ast-site-content-layout":"","site-content-style":"default","site-sidebar-style":"default","ast-global-header-display":"","ast-banner-title-visibility":"","ast-main-header-display":"","ast-hfb-above-header-display":"","ast-hfb-below-header-display":"","ast-hfb-mobile-header-display":"","site-post-title":"disabled","ast-breadcrumbs-content":"","ast-featured-img":"disabled","footer-sml-layout":"","theme-transparent-header-meta":"","adv-header-id-meta":"","stick-header-meta":"","header-above-stick-meta":"","header-main-stick-meta":"","header-below-stick-meta":"","astra-migrate-meta-layouts":"","ast-page-background-enabled":"default","ast-page-background-meta":{"desktop":{"background-color":"var(--ast-global-color-4)","background-image":"","background-repeat":"repeat","background-position":"center center","background-size":"auto","background-attachment":"scroll","background-type":"","background-media":"","overlay-type":"","overlay-color":"","overlay-gradient":""},"tablet":{"background-color":"","background-image":"","background-repeat":"repeat","background-position":"center center","background-size":"auto","background-attachment":"scroll","background-type":"","background-media":"","overlay-type":"","overlay-color":"","overlay-gradient":""},"mobile":{"background-color":"","background-image":"","background-repeat":"repeat","background-position":"center center","background-size":"auto","background-attachment":"scroll","background-type":"","background-media":"","overlay-type":"","overlay-color":"","overlay-gradient":""}},"ast-content-background-meta":{"desktop":{"background-color":"var(--ast-global-color-5)","background-image":"","background-repeat":"repeat","background-position":"center center","background-size":"auto","background-attachment":"scroll","background-type":"","background-media":"","overlay-type":"","overlay-color":"","overlay-gradient":""},"tablet":{"background-color":"var(--ast-global-color-5)","background-image":"","background-repeat":"repeat","background-position":"center center","background-size":"auto","background-attachment":"scroll","background-type":"","background-media":"","overlay-type":"","overlay-color":"","overlay-gradient":""},"mobile":{"background-color":"var(--ast-global-color-5)","background-image":"","background-repeat":"repeat","background-position":"center center","background-size":"auto","background-attachment":"scroll","background-type":"","background-media":"","overlay-type":"","overlay-color":"","overlay-gradient":""}},"footnotes":""},"class_list":["post-75","page","type-page","status-publish","hentry"],"_links":{"self":[{"href":"https:\/\/www.metalmusick.com\/index.php?rest_route=\/wp\/v2\/pages\/75","targetHints":{"allow":["GET"]}}],"collection":[{"href":"https:\/\/www.metalmusick.com\/index.php?rest_route=\/wp\/v2\/pages"}],"about":[{"href":"https:\/\/www.metalmusick.com\/index.php?rest_route=\/wp\/v2\/types\/page"}],"author":[{"embeddable":true,"href":"https:\/\/www.metalmusick.com\/index.php?rest_route=\/wp\/v2\/users\/1"}],"replies":[{"embeddable":true,"href":"https:\/\/www.metalmusick.com\/index.php?rest_route=%2Fwp%2Fv2%2Fcomments&post=75"}],"version-history":[{"count":73,"href":"https:\/\/www.metalmusick.com\/index.php?rest_route=\/wp\/v2\/pages\/75\/revisions"}],"predecessor-version":[{"id":372,"href":"https:\/\/www.metalmusick.com\/index.php?rest_route=\/wp\/v2\/pages\/75\/revisions\/372"}],"wp:attachment":[{"href":"https:\/\/www.metalmusick.com\/index.php?rest_route=%2Fwp%2Fv2%2Fmedia&parent=75"}],"curies":[{"name":"wp","href":"https:\/\/api.w.org\/{rel}","templated":true}]}}