{"id":520,"date":"2025-04-04T15:30:59","date_gmt":"2025-04-04T15:30:59","guid":{"rendered":"https:\/\/www.metalmusick.com\/?post_type=product&#038;p=520"},"modified":"2025-12-11T00:41:20","modified_gmt":"2025-12-11T00:41:20","slug":"asia-alpha","status":"publish","type":"product","link":"https:\/\/www.metalmusick.com\/?product=asia-alpha","title":{"rendered":"Angel &#8211; On Earth As It Is In Heaven"},"content":{"rendered":"<table>\n<tbody>\n<tr>\n<td width=\"163\"><strong>Edici\u00f3n:<\/strong><\/td>\n<td width=\"401\">Venezuela<\/td>\n<\/tr>\n<tr>\n<td width=\"163\"><strong>A\u00f1o:<\/strong><\/td>\n<td width=\"401\">1983<\/td>\n<\/tr>\n<tr>\n<td width=\"163\"><strong>Sello (Label):<\/strong><\/td>\n<td width=\"401\">Epic<\/td>\n<\/tr>\n<tr>\n<td width=\"163\"><strong>Condici\u00f3n del vinyl:<\/strong><\/td>\n<td width=\"401\">No presenta da\u00f1os que afecten el sonido y\/o reproducci\u00f3n. VG<\/td>\n<\/tr>\n<tr>\n<td width=\"163\"><strong>Condici\u00f3n de la funda:<\/strong><\/td>\n<td width=\"401\">Tal como se muestra en la publicaci\u00f3n<\/td>\n<\/tr>\n<tr>\n<td width=\"163\"><strong>Garant\u00eda:<\/strong><\/td>\n<td width=\"401\"><strong>Ver Pol\u00edtica de T\u00e9rminos y Condiciones<\/strong><\/td>\n<\/tr>\n<\/tbody>\n<\/table>\n","protected":false},"excerpt":{"rendered":"<p>Edici\u00f3n: Venezuela A\u00f1o: 1983 Sello (Label): Epic Condici\u00f3n del vinyl: No presenta da\u00f1os que afecten el sonido y\/o reproducci\u00f3n. VG Condici\u00f3n de la funda: Tal como se muestra en la publicaci\u00f3n Garant\u00eda: Ver Pol\u00edtica de T\u00e9rminos y Condiciones<\/p>\n","protected":false},"featured_media":527,"comment_status":"open","ping_status":"closed","template":"","meta":{"site-sidebar-layout":"default","site-content-layout":"","ast-site-content-layout":"default","site-content-style":"default","site-sidebar-style":"default","ast-global-header-display":"","ast-banner-title-visibility":"","ast-main-header-display":"","ast-hfb-above-header-display":"","ast-hfb-below-header-display":"","ast-hfb-mobile-header-display":"","site-post-title":"","ast-breadcrumbs-content":"","ast-featured-img":"","footer-sml-layout":"","theme-transparent-header-meta":"default","adv-header-id-meta":"","stick-header-meta":"","header-above-stick-meta":"","header-main-stick-meta":"","header-below-stick-meta":"","astra-migrate-meta-layouts":"set","ast-page-background-enabled":"default","ast-page-background-meta":{"desktop":{"background-color":"var(--ast-global-color-4)","background-image":"","background-repeat":"repeat","background-position":"center center","background-size":"auto","background-attachment":"scroll","background-type":"","background-media":"","overlay-type":"","overlay-color":"","overlay-gradient":""},"tablet":{"background-color":"","background-image":"","background-repeat":"repeat","background-position":"center center","background-size":"auto","background-attachment":"scroll","background-type":"","background-media":"","overlay-type":"","overlay-color":"","overlay-gradient":""},"mobile":{"background-color":"","background-image":"","background-repeat":"repeat","background-position":"center center","background-size":"auto","background-attachment":"scroll","background-type":"","background-media":"","overlay-type":"","overlay-color":"","overlay-gradient":""}},"ast-content-background-meta":{"desktop":{"background-color":"var(--ast-global-color-5)","background-image":"","background-repeat":"repeat","background-position":"center center","background-size":"auto","background-attachment":"scroll","background-type":"","background-media":"","overlay-type":"","overlay-color":"","overlay-gradient":""},"tablet":{"background-color":"var(--ast-global-color-5)","background-image":"","background-repeat":"repeat","background-position":"center center","background-size":"auto","background-attachment":"scroll","background-type":"","background-media":"","overlay-type":"","overlay-color":"","overlay-gradient":""},"mobile":{"background-color":"var(--ast-global-color-5)","background-image":"","background-repeat":"repeat","background-position":"center center","background-size":"auto","background-attachment":"scroll","background-type":"","background-media":"","overlay-type":"","overlay-color":"","overlay-gradient":""}}},"product_cat":[33,21],"product_tag":[30],"class_list":{"0":"post-520","1":"product","2":"type-product","3":"status-publish","4":"has-post-thumbnail","6":"product_cat-hard-rock","7":"product_cat-vinilos","8":"product_tag-segunda-mano","9":"desktop-align-left","10":"tablet-align-left","11":"mobile-align-left","13":"first","14":"instock","15":"shipping-taxable","16":"purchasable","17":"product-type-simple"},"_links":{"self":[{"href":"https:\/\/www.metalmusick.com\/index.php?rest_route=\/wp\/v2\/product\/520","targetHints":{"allow":["GET"]}}],"collection":[{"href":"https:\/\/www.metalmusick.com\/index.php?rest_route=\/wp\/v2\/product"}],"about":[{"href":"https:\/\/www.metalmusick.com\/index.php?rest_route=\/wp\/v2\/types\/product"}],"replies":[{"embeddable":true,"href":"https:\/\/www.metalmusick.com\/index.php?rest_route=%2Fwp%2Fv2%2Fcomments&post=520"}],"wp:featuredmedia":[{"embeddable":true,"href":"https:\/\/www.metalmusick.com\/index.php?rest_route=\/wp\/v2\/media\/527"}],"wp:attachment":[{"href":"https:\/\/www.metalmusick.com\/index.php?rest_route=%2Fwp%2Fv2%2Fmedia&parent=520"}],"wp:term":[{"taxonomy":"product_cat","embeddable":true,"href":"https:\/\/www.metalmusick.com\/index.php?rest_route=%2Fwp%2Fv2%2Fproduct_cat&post=520"},{"taxonomy":"product_tag","embeddable":true,"href":"https:\/\/www.metalmusick.com\/index.php?rest_route=%2Fwp%2Fv2%2Fproduct_tag&post=520"}],"curies":[{"name":"wp","href":"https:\/\/api.w.org\/{rel}","templated":true}]}}